{"id":2620,"date":"2024-11-10T14:50:49","date_gmt":"2024-11-10T12:50:49","guid":{"rendered":"https:\/\/megadisplay.no\/?post_type=product&#038;p=2620"},"modified":"2024-11-10T15:31:37","modified_gmt":"2024-11-10T13:31:37","slug":"tak-pop-up-telt-6x3-blatt","status":"publish","type":"product","link":"https:\/\/megadisplay.no\/?product=tak-pop-up-telt-6x3-blatt","title":{"rendered":"TAK | POP-UP TELT 6X3 BL\u00c5TT"},"content":{"rendered":"<p>Kraftig tak til ditt POP-UP stativ 6&#215;3 meter.<br \/>\nDen er laget av et vanntett polyesterstoff (250g) med h\u00f8y tetthetsvev (600D). Materialets h\u00f8ye elastisitet, rivebestandighet og borrel\u00e5sfeste gj\u00f8r at taket kan tilpasses n\u00f8yaktig til teltets rammestruktur. I tillegg kr\u00f8ller ikke taket og er enkel \u00e5 rengj\u00f8re.<\/p>\n<p><strong>PRODUKTFORDELER:<\/strong><br \/>\n&#8211; Vanntett<br \/>\n&#8211; H\u00f8y rive bestandighet<br \/>\n&#8211; Enkel rengj\u00f8ring<\/p>\n<p>Alle priser er oppgitt eks. mva. og frakt.<\/p>\n","protected":false},"excerpt":{"rendered":"<p>Kraftig tak til ditt POP-UP stativ 6&#215;3 meter.<\/p>\n<p><strong>Ved st\u00f8rre antall be om tilbud.<\/strong><\/p>\n","protected":false},"featured_media":2592,"template":"","meta":[],"product_brand":[],"product_cat":[558,763,765],"product_tag":[],"class_list":{"0":"post-2620","1":"product","2":"type-product","3":"status-publish","4":"has-post-thumbnail","6":"product_cat-messetelt","7":"product_cat-pop-up-telt","8":"product_cat-tak-pop-up-telt","10":"first","11":"instock","12":"taxable","13":"shipping-taxable","14":"purchasable","15":"product-type-simple"},"yoast_head":"<!-- This site is optimized with the Yoast SEO Premium plugin v22.9 (Yoast SEO v25.9) - https:\/\/yoast.com\/wordpress\/plugins\/seo\/ -->\n<title>TAK | POP-UP TELT 6X3 BL\u00c5TT - Mega Display - Norge<\/title>\n<meta name=\"robots\" content=\"index, follow, max-snippet:-1, max-image-preview:large, max-video-preview:-1\" \/>\n<link rel=\"canonical\" href=\"https:\/\/megadisplay.no\/?product=tak-pop-up-telt-6x3-blatt\" \/>\n<meta property=\"og:locale\" content=\"nb_NO\" \/>\n<meta property=\"og:type\" content=\"article\" \/>\n<meta property=\"og:title\" content=\"TAK | POP-UP TELT 6X3 BL\u00c5TT\" \/>\n<meta property=\"og:description\" content=\"Kraftig tak til ditt POP-UP stativ 6x3 meter.  Ved st\u00f8rre antall be om tilbud.\" \/>\n<meta property=\"og:url\" content=\"https:\/\/megadisplay.no\/?product=tak-pop-up-telt-6x3-blatt\" \/>\n<meta property=\"og:site_name\" content=\"Mega Display - Norge\" \/>\n<meta property=\"article:modified_time\" content=\"2024-11-10T13:31:37+00:00\" \/>\n<meta property=\"og:image\" content=\"https:\/\/megadisplay.no\/wp-content\/uploads\/2024\/11\/product-837_800x800.jpg\" \/>\n\t<meta property=\"og:image:width\" content=\"800\" \/>\n\t<meta property=\"og:image:height\" content=\"800\" \/>\n\t<meta property=\"og:image:type\" content=\"image\/jpeg\" \/>\n<meta name=\"twitter:card\" content=\"summary_large_image\" \/>\n<meta name=\"twitter:label1\" content=\"Ansl. lesetid\" \/>\n\t<meta name=\"twitter:data1\" content=\"1 minutt\" \/>\n<script type=\"application\/ld+json\" class=\"yoast-schema-graph\">{\"@context\":\"https:\/\/schema.org\",\"@graph\":[{\"@type\":\"WebPage\",\"@id\":\"https:\/\/megadisplay.no\/?product=tak-pop-up-telt-6x3-blatt\",\"url\":\"https:\/\/megadisplay.no\/?product=tak-pop-up-telt-6x3-blatt\",\"name\":\"TAK | POP-UP TELT 6X3 BL\u00c5TT - Mega Display - Norge\",\"isPartOf\":{\"@id\":\"https:\/\/megadisplay.no\/#website\"},\"primaryImageOfPage\":{\"@id\":\"https:\/\/megadisplay.no\/?product=tak-pop-up-telt-6x3-blatt#primaryimage\"},\"image\":{\"@id\":\"https:\/\/megadisplay.no\/?product=tak-pop-up-telt-6x3-blatt#primaryimage\"},\"thumbnailUrl\":\"https:\/\/megadisplay.no\/wp-content\/uploads\/2024\/11\/product-837_800x800.jpg\",\"datePublished\":\"2024-11-10T12:50:49+00:00\",\"dateModified\":\"2024-11-10T13:31:37+00:00\",\"breadcrumb\":{\"@id\":\"https:\/\/megadisplay.no\/?product=tak-pop-up-telt-6x3-blatt#breadcrumb\"},\"inLanguage\":\"nb-NO\",\"potentialAction\":[{\"@type\":\"ReadAction\",\"target\":[\"https:\/\/megadisplay.no\/?product=tak-pop-up-telt-6x3-blatt\"]}]},{\"@type\":\"ImageObject\",\"inLanguage\":\"nb-NO\",\"@id\":\"https:\/\/megadisplay.no\/?product=tak-pop-up-telt-6x3-blatt#primaryimage\",\"url\":\"https:\/\/megadisplay.no\/wp-content\/uploads\/2024\/11\/product-837_800x800.jpg\",\"contentUrl\":\"https:\/\/megadisplay.no\/wp-content\/uploads\/2024\/11\/product-837_800x800.jpg\",\"width\":800,\"height\":800},{\"@type\":\"BreadcrumbList\",\"@id\":\"https:\/\/megadisplay.no\/?product=tak-pop-up-telt-6x3-blatt#breadcrumb\",\"itemListElement\":[{\"@type\":\"ListItem\",\"position\":1,\"name\":\"Hjem\",\"item\":\"https:\/\/megadisplay.no\/\"},{\"@type\":\"ListItem\",\"position\":2,\"name\":\"Butikk\",\"item\":\"https:\/\/megadisplay.no\/?page_id=5\"},{\"@type\":\"ListItem\",\"position\":3,\"name\":\"TAK | POP-UP TELT 6X3 BL\u00c5TT\"}]},{\"@type\":\"WebSite\",\"@id\":\"https:\/\/megadisplay.no\/#website\",\"url\":\"https:\/\/megadisplay.no\/\",\"name\":\"Mega Display - Norge\",\"description\":\"Det \u00f8konomiske alternative!\",\"publisher\":{\"@id\":\"https:\/\/megadisplay.no\/#organization\"},\"potentialAction\":[{\"@type\":\"SearchAction\",\"target\":{\"@type\":\"EntryPoint\",\"urlTemplate\":\"https:\/\/megadisplay.no\/?s={search_term_string}\"},\"query-input\":{\"@type\":\"PropertyValueSpecification\",\"valueRequired\":true,\"valueName\":\"search_term_string\"}}],\"inLanguage\":\"nb-NO\"},{\"@type\":\"Organization\",\"@id\":\"https:\/\/megadisplay.no\/#organization\",\"name\":\"Smarte Kampanjer AS\",\"url\":\"https:\/\/megadisplay.no\/\",\"logo\":{\"@type\":\"ImageObject\",\"inLanguage\":\"nb-NO\",\"@id\":\"https:\/\/megadisplay.no\/#\/schema\/logo\/image\/\",\"url\":\"https:\/\/megadisplay.no\/wp-content\/uploads\/2024\/07\/cropped-MD-LOGO-e1720871174926.png\",\"contentUrl\":\"https:\/\/megadisplay.no\/wp-content\/uploads\/2024\/07\/cropped-MD-LOGO-e1720871174926.png\",\"width\":114,\"height\":80,\"caption\":\"Smarte Kampanjer AS\"},\"image\":{\"@id\":\"https:\/\/megadisplay.no\/#\/schema\/logo\/image\/\"}}]}<\/script>\n<!-- \/ Yoast SEO Premium plugin. -->","yoast_head_json":{"title":"TAK | POP-UP TELT 6X3 BL\u00c5TT - Mega Display - Norge","robots":{"index":"index","follow":"follow","max-snippet":"max-snippet:-1","max-image-preview":"max-image-preview:large","max-video-preview":"max-video-preview:-1"},"canonical":"https:\/\/megadisplay.no\/?product=tak-pop-up-telt-6x3-blatt","og_locale":"nb_NO","og_type":"article","og_title":"TAK | POP-UP TELT 6X3 BL\u00c5TT","og_description":"Kraftig tak til ditt POP-UP stativ 6x3 meter.  Ved st\u00f8rre antall be om tilbud.","og_url":"https:\/\/megadisplay.no\/?product=tak-pop-up-telt-6x3-blatt","og_site_name":"Mega Display - Norge","article_modified_time":"2024-11-10T13:31:37+00:00","og_image":[{"width":800,"height":800,"url":"https:\/\/megadisplay.no\/wp-content\/uploads\/2024\/11\/product-837_800x800.jpg","type":"image\/jpeg"}],"twitter_card":"summary_large_image","twitter_misc":{"Ansl. lesetid":"1 minutt"},"schema":{"@context":"https:\/\/schema.org","@graph":[{"@type":"WebPage","@id":"https:\/\/megadisplay.no\/?product=tak-pop-up-telt-6x3-blatt","url":"https:\/\/megadisplay.no\/?product=tak-pop-up-telt-6x3-blatt","name":"TAK | POP-UP TELT 6X3 BL\u00c5TT - Mega Display - Norge","isPartOf":{"@id":"https:\/\/megadisplay.no\/#website"},"primaryImageOfPage":{"@id":"https:\/\/megadisplay.no\/?product=tak-pop-up-telt-6x3-blatt#primaryimage"},"image":{"@id":"https:\/\/megadisplay.no\/?product=tak-pop-up-telt-6x3-blatt#primaryimage"},"thumbnailUrl":"https:\/\/megadisplay.no\/wp-content\/uploads\/2024\/11\/product-837_800x800.jpg","datePublished":"2024-11-10T12:50:49+00:00","dateModified":"2024-11-10T13:31:37+00:00","breadcrumb":{"@id":"https:\/\/megadisplay.no\/?product=tak-pop-up-telt-6x3-blatt#breadcrumb"},"inLanguage":"nb-NO","potentialAction":[{"@type":"ReadAction","target":["https:\/\/megadisplay.no\/?product=tak-pop-up-telt-6x3-blatt"]}]},{"@type":"ImageObject","inLanguage":"nb-NO","@id":"https:\/\/megadisplay.no\/?product=tak-pop-up-telt-6x3-blatt#primaryimage","url":"https:\/\/megadisplay.no\/wp-content\/uploads\/2024\/11\/product-837_800x800.jpg","contentUrl":"https:\/\/megadisplay.no\/wp-content\/uploads\/2024\/11\/product-837_800x800.jpg","width":800,"height":800},{"@type":"BreadcrumbList","@id":"https:\/\/megadisplay.no\/?product=tak-pop-up-telt-6x3-blatt#breadcrumb","itemListElement":[{"@type":"ListItem","position":1,"name":"Hjem","item":"https:\/\/megadisplay.no\/"},{"@type":"ListItem","position":2,"name":"Butikk","item":"https:\/\/megadisplay.no\/?page_id=5"},{"@type":"ListItem","position":3,"name":"TAK | POP-UP TELT 6X3 BL\u00c5TT"}]},{"@type":"WebSite","@id":"https:\/\/megadisplay.no\/#website","url":"https:\/\/megadisplay.no\/","name":"Mega Display - Norge","description":"Det \u00f8konomiske alternative!","publisher":{"@id":"https:\/\/megadisplay.no\/#organization"},"potentialAction":[{"@type":"SearchAction","target":{"@type":"EntryPoint","urlTemplate":"https:\/\/megadisplay.no\/?s={search_term_string}"},"query-input":{"@type":"PropertyValueSpecification","valueRequired":true,"valueName":"search_term_string"}}],"inLanguage":"nb-NO"},{"@type":"Organization","@id":"https:\/\/megadisplay.no\/#organization","name":"Smarte Kampanjer AS","url":"https:\/\/megadisplay.no\/","logo":{"@type":"ImageObject","inLanguage":"nb-NO","@id":"https:\/\/megadisplay.no\/#\/schema\/logo\/image\/","url":"https:\/\/megadisplay.no\/wp-content\/uploads\/2024\/07\/cropped-MD-LOGO-e1720871174926.png","contentUrl":"https:\/\/megadisplay.no\/wp-content\/uploads\/2024\/07\/cropped-MD-LOGO-e1720871174926.png","width":114,"height":80,"caption":"Smarte Kampanjer AS"},"image":{"@id":"https:\/\/megadisplay.no\/#\/schema\/logo\/image\/"}}]}},"jetpack_sharing_enabled":true,"_links":{"self":[{"href":"https:\/\/megadisplay.no\/index.php?rest_route=\/wp\/v2\/product\/2620","targetHints":{"allow":["GET"]}}],"collection":[{"href":"https:\/\/megadisplay.no\/index.php?rest_route=\/wp\/v2\/product"}],"about":[{"href":"https:\/\/megadisplay.no\/index.php?rest_route=\/wp\/v2\/types\/product"}],"wp:featuredmedia":[{"embeddable":true,"href":"https:\/\/megadisplay.no\/index.php?rest_route=\/wp\/v2\/media\/2592"}],"wp:attachment":[{"href":"https:\/\/megadisplay.no\/index.php?rest_route=%2Fwp%2Fv2%2Fmedia&parent=2620"}],"wp:term":[{"taxonomy":"product_brand","embeddable":true,"href":"https:\/\/megadisplay.no\/index.php?rest_route=%2Fwp%2Fv2%2Fproduct_brand&post=2620"},{"taxonomy":"product_cat","embeddable":true,"href":"https:\/\/megadisplay.no\/index.php?rest_route=%2Fwp%2Fv2%2Fproduct_cat&post=2620"},{"taxonomy":"product_tag","embeddable":true,"href":"https:\/\/megadisplay.no\/index.php?rest_route=%2Fwp%2Fv2%2Fproduct_tag&post=2620"}],"curies":[{"name":"wp","href":"https:\/\/api.w.org\/{rel}","templated":true}]}}